{"id":1034,"date":"2018-02-14T11:35:53","date_gmt":"2018-02-14T10:35:53","guid":{"rendered":"https:\/\/www.labellavespa.be\/?page_id=1034"},"modified":"2018-12-05T14:32:26","modified_gmt":"2018-12-05T13:32:26","slug":"celibataire","status":"publish","type":"page","link":"https:\/\/www.labellavespa.be\/fr\/celibataire\/","title":{"rendered":"C\u00e9libataire"},"content":{"rendered":"<p>[metaslider id=372]<\/p>\n<div class=\"content2\">\n<div class=\"wrapper1\">\n<div class=\"vespatocht-links\"><img fetchpriority=\"high\" decoding=\"async\" width=\"700\" height=\"525\" class=\"alignnone size-full wp-image-375\" src=\"http:\/\/www.labellavespa.be\/wp-content\/uploads\/2017\/12\/vrijgezellendag.jpg\"  \/    alt=\"Originele teambuilding\" srcset=\"https:\/\/www.labellavespa.be\/wp-content\/uploads\/2017\/12\/vrijgezellendag.jpg 700w, https:\/\/www.labellavespa.be\/wp-content\/uploads\/2017\/12\/vrijgezellendag-600x450.jpg 600w, https:\/\/www.labellavespa.be\/wp-content\/uploads\/2017\/12\/vrijgezellendag-250x188.jpg 250w, https:\/\/www.labellavespa.be\/wp-content\/uploads\/2017\/12\/vrijgezellendag-120x90.jpg 120w\" sizes=\"(max-width: 700px) 100vw, 700px\" \/><\/div>\n<div class=\"vespatocht-rechts\">\n<p>Souhaitez-vous organiser un enterrement de vie de gar\u00e7on original pour seulement\u00a0<em>\u20ac 25, &#8211; par personne?<\/em><\/p>\n<p>Ensuite, nous avons diff\u00e9rentes options et cela \u00e0 des tarifs avantageux! Tout d&rsquo;abord, le c\u00e9libataire sera assis sur la \u00ab\u00a0vespa rose\u00a0\u00bb de sorte qu&rsquo;il ou elle est extra sur la photo! L&rsquo;itin\u00e9raire le plus appropri\u00e9 pour cela est la r\u00e9gion de la Lys. Ici, vous traverserez de beaux villages o\u00f9 vous rencontrerez de terrasses\u00a0 pour vous arr\u00eater et avoir quelque chose \u00e0 manger ou \u00e0 boire.<\/p>\n<p>Nous offrons \u00e9galement la possibilit\u00e9 de combiner un voyage en bateau sur la Lys ou au Centre de Gand.<\/p>\n<p>N&rsquo;h\u00e9sitez pas \u00e0 nous contacter pour un devis gratuit, m\u00eame si vous avez d&rsquo;autres questions ou suggestions, nous vous garantissons une journ\u00e9e inoubliable.<\/p>\n<p><em>Lors de la r\u00e9servation, le bachelier re\u00e7oit un ch\u00e8que-cadeau d&rsquo;une valeur de 1 heure pour une balade de bateau. min 8 pers.<\/em><\/p>\n<\/div>\n<\/div>\n<div class=\"content2\">\n<div class=\"wrapper1\">\n<h1>Prix<\/h1>\n<div class=\"prijzentabel\">\n<div class=\"prijzentabel-links\">\n<h2>1 Vespa\/pers. demi-journ\u00e9e<\/h2>\n<p>Hors carburant<\/p>\n<\/div>\n<div class=\"prijzentabel-rechts\">\n<h2>\u20ac45\/pers.<\/h2>\n<\/div>\n<\/div>\n<div class=\"prijzentabel\">\n<div class=\"prijzentabel-links\">\n<h2>1 Vespa\/2pers. demi-journ\u00e9e<\/h2>\n<p>Hors carburant<\/p>\n<\/div>\n<div class=\"prijzentabel-rechts\">\n<h2>\u20ac25\/pers.<\/h2>\n<\/div>\n<\/div>\n<div class=\"prijzentabel\">\n<div class=\"prijzentabel-links\">\n<h2>1 Vespa\/2pers. &#8211; citygame<\/h2>\n<p>Fournissez votre propre transport &#8211;\u00a0<span class=\"wnd-font-size-80\">\u00e0 partir de 10p.<\/span><\/p>\n<\/div>\n<div class=\"prijzentabel-rechts\">\n<h2>\u20ac50\/pers.<\/h2>\n<\/div>\n<\/div>\n<div class=\"prijzentabel\">\n<div class=\"prijzentabel-links\">\n<h2>Location de GPS<\/h2>\n<p>min 8 pers.<\/p>\n<\/div>\n<div class=\"prijzentabel-rechts\">\n<h2>gratuit<\/h2>\n<\/div>\n<\/div>\n<div class=\"prijzentabel\">\n<div class=\"prijzentabel-links\">\n<h2>Balade chaloupe Hollandais 2h.<\/h2>\n<p>voir notre page <em><a title=\"Boot\" href=\"https:\/\/www.labellavespa.be\/vespa-boottocht\/\">bateau<\/a><\/em><\/p>\n<\/div>\n<div class=\"prijzentabel-rechts\">\n<h2>*\u00e0 partir de \u20ac12,-\/p.<\/h2>\n<\/div>\n<\/div>\n<div class=\"prijzentabel\">\n<div class=\"prijzentabel-links\">\n<h2>Arrangement d&rsquo;\u00e9t\u00e9<\/h2>\n<p>1 vespa\/2 pers. &#8211; *lunch &#8211; bateau 2h.<br \/>\nincl. carburant et location GPS &#8211; min 6 pers.<br \/>\n* Diner (plat principal &#8211; boisson &#8211; caf\u00e9)<\/p>\n<\/div>\n<div class=\"prijzentabel-rechts\">\n<h2>\u20ac75\/pers.<\/h2>\n<\/div>\n<\/div>\n<div class=\"prijzentabel\">\n<div class=\"prijzentabel-links\">\n<h2>Picknick<\/h2>\n<p>Sandwich &#8211; g\u00e2teau &#8211; petit tarte &#8211; boisson<\/p>\n<\/div>\n<div class=\"prijzentabel-rechts\">\n<h2>\u20ac12.50\/pers.<\/h2>\n<\/div>\n<\/div>\n<\/div>\n<p>&nbsp;<\/p>\n<div class=\"wrapper1\">\n<div class=\"prijzentabel\">\n<div class=\"prijzentabel-rechts\"><\/div>\n<\/div>\n<div class=\"reserveer\"><a title=\"reserveren\" href=\"reserveren\">R\u00e9servez ici<\/a><\/div>\n<\/div>\n<\/div>\n<\/div>\n","protected":false},"excerpt":{"rendered":"[metaslider id=372] Souhaitez-vous organiser un enterrement de vie de gar\u00e7on original pour seulement\u00a0\u20ac 25, &#8211; par personne? Ensuite, nous avons diff\u00e9rentes options et cela \u00e0 des tarifs avantageux! Tout d&rsquo;abord, le c\u00e9libataire sera assis sur la \u00ab\u00a0vespa rose\u00a0\u00bb de sorte qu&rsquo;il ou elle est extra sur la photo! L&rsquo;itin\u00e9raire le plus appropri\u00e9 pour cela est&#8230; <a class=\"view-article\" href=\"https:\/\/www.labellavespa.be\/fr\/celibataire\/\">Voir l&rsquo;article<\/a>","protected":false},"author":3,"featured_media":0,"parent":0,"menu_order":0,"comment_status":"closed","ping_status":"closed","template":"template-home.php","meta":{"footnotes":""},"class_list":["post-1034","page","type-page","status-publish","hentry"],"jetpack_sharing_enabled":true,"_links":{"self":[{"href":"https:\/\/www.labellavespa.be\/fr\/wp-json\/wp\/v2\/pages\/1034","targetHints":{"allow":["GET"]}}],"collection":[{"href":"https:\/\/www.labellavespa.be\/fr\/wp-json\/wp\/v2\/pages"}],"about":[{"href":"https:\/\/www.labellavespa.be\/fr\/wp-json\/wp\/v2\/types\/page"}],"author":[{"embeddable":true,"href":"https:\/\/www.labellavespa.be\/fr\/wp-json\/wp\/v2\/users\/3"}],"replies":[{"embeddable":true,"href":"https:\/\/www.labellavespa.be\/fr\/wp-json\/wp\/v2\/comments?post=1034"}],"version-history":[{"count":4,"href":"https:\/\/www.labellavespa.be\/fr\/wp-json\/wp\/v2\/pages\/1034\/revisions"}],"predecessor-version":[{"id":2123,"href":"https:\/\/www.labellavespa.be\/fr\/wp-json\/wp\/v2\/pages\/1034\/revisions\/2123"}],"wp:attachment":[{"href":"https:\/\/www.labellavespa.be\/fr\/wp-json\/wp\/v2\/media?parent=1034"}],"curies":[{"name":"wp","href":"https:\/\/api.w.org\/{rel}","templated":true}]}}