{"id":1036,"date":"2018-02-14T11:46:57","date_gmt":"2018-02-14T10:46:57","guid":{"rendered":"https:\/\/www.labellavespa.be\/?page_id=1036"},"modified":"2022-08-10T15:08:30","modified_gmt":"2022-08-10T13:08:30","slug":"boot","status":"publish","type":"page","link":"https:\/\/www.labellavespa.be\/fr\/boot\/","title":{"rendered":"Bateau"},"content":{"rendered":"\t\t<div data-elementor-type=\"wp-page\" data-elementor-id=\"1036\" class=\"elementor elementor-1036 elementor-116\" data-elementor-post-type=\"page\">\n\t\t\t\t\t\t<section class=\"elementor-section elementor-top-section elementor-element elementor-element-3967c939 elementor-section-boxed elementor-section-height-default elementor-section-height-default\" data-id=\"3967c939\" data-element_type=\"section\" data-e-type=\"section\">\n\t\t\t\t\t\t<div class=\"elementor-container elementor-column-gap-default\">\n\t\t\t\t\t<div class=\"elementor-column elementor-col-100 elementor-top-column elementor-element elementor-element-390443d1\" data-id=\"390443d1\" data-element_type=\"column\" data-e-type=\"column\">\n\t\t\t<div class=\"elementor-widget-wrap elementor-element-populated\">\n\t\t\t\t\t\t<div class=\"elementor-element elementor-element-7f9a6d87 elementor-widget elementor-widget-text-editor\" data-id=\"7f9a6d87\" data-element_type=\"widget\" data-e-type=\"widget\" data-widget_type=\"text-editor.default\">\n\t\t\t\t<div class=\"elementor-widget-container\">\n\t\t\t\t\t\t\t\t\t<div>[metaslider id=251]<\/div>\n<div class=\"content2\">\n<div class=\"wrapper1\">\n<div class=\"kolom-links\">\n<p><img fetchpriority=\"high\" decoding=\"async\" width=\"500\" height=\"350\" class=\"alignnone size-full wp-image-670\" src=\"http:\/\/www.labellavespa.be\/wp-content\/uploads\/2018\/01\/boot-6.jpg\" alt=\"Bootverhuur Gent\" srcset=\"https:\/\/www.labellavespa.be\/wp-content\/uploads\/2018\/01\/boot-6.jpg 500w, https:\/\/www.labellavespa.be\/wp-content\/uploads\/2018\/01\/boot-6-250x175.jpg 250w, https:\/\/www.labellavespa.be\/wp-content\/uploads\/2018\/01\/boot-6-120x84.jpg 120w\" sizes=\"(max-width: 500px) 100vw, 500px\" \/><\/p>\n<h1>Chaloupe Hollandais<\/h1>\n<h2>Hors ou avec capitaine (prix suppl.)<\/h2>\n<p>La Bella Vespa dispose de son propre bateau Hollandais. Avec ce bateau vous avez la possibilit\u00e9 de naviguer vous-m\u00eame et de jouir d&rsquo;un tour magnifique \u00e0 la Lys ou en direction de Gand historique. Si vous pr\u00e9f\u00e9rez, nous pouvons vous pr\u00e9voir d&rsquo;un capitaine.<\/p>\n<p><em><font color=\"#968400\" size=\"3\">Prix par<\/font>&nbsp;heure \u20ac100,-.<\/em><\/p>\n<\/div>\n<div class=\"kolom-rechts\">\n<p><img decoding=\"async\" width=\"500\" height=\"350\" class=\"alignnone size-full wp-image-671\" src=\"http:\/\/www.labellavespa.be\/wp-content\/uploads\/2018\/01\/boot-5.jpg\" alt=\"Bootverhuur Gent\" srcset=\"https:\/\/www.labellavespa.be\/wp-content\/uploads\/2018\/01\/boot-5.jpg 500w, https:\/\/www.labellavespa.be\/wp-content\/uploads\/2018\/01\/boot-5-250x175.jpg 250w, https:\/\/www.labellavespa.be\/wp-content\/uploads\/2018\/01\/boot-5-120x84.jpg 120w\" sizes=\"(max-width: 500px) 100vw, 500px\" \/><\/p>\n<h1>Bateau de Luxe<\/h1>\n<h2>Avec capitaine<\/h2>\n<p>Promenade en bateau sur la Lys avec un beau bateau de sport jusqu&rsquo;\u00e0 15 pers.<br>\nPrix par heure&nbsp;<em>\u20ac 150,-<\/em><br>\nExp\u00e9dition rapide possible si \u20ac50,- supll\u00e9mentaire<br>\nNous vous proposons \u00e9galement diff\u00e9rentes posibilit\u00e9 de restauration sur demande.<\/p>\n<\/div>\n<div style=\"clear: both;\"><\/div>\n<h3><strong>Pour les grandes groupes<\/strong><\/h3>\n<p>La Bella Vespa collabore avec Rederij Dewaele, \u00e9galement connue sous le nom de \u00ab\u00a0bateaux de Gand\u00a0\u00bb, afin de pouvoir rencontrer les plus grands groupes. De cette fa\u00e7on, nous pouvons r\u00e9unir des groupes de 80 personnes avec une combinaison d&rsquo;un voyage en bateau et d&rsquo;un vespatrip. Ici vous pouvez choisir parmi diff\u00e9rentes visites. Vous pouvez profiter de la vieille et historique Gand avec un guide ou vous pouvez profiter de la Lys.<\/p>\n<p><em>Prix sur demande.<\/em><\/p>\n<p><img decoding=\"async\" width=\"250\" height=\"192\" class=\"alignnone size-full wp-image-660\" src=\"http:\/\/www.labellavespa.be\/wp-content\/uploads\/2018\/01\/boot-2.jpg\" alt=\"Bootverhuur Gent\" srcset=\"https:\/\/www.labellavespa.be\/wp-content\/uploads\/2018\/01\/boot-2.jpg 250w, https:\/\/www.labellavespa.be\/wp-content\/uploads\/2018\/01\/boot-2-120x92.jpg 120w\" sizes=\"(max-width: 250px) 100vw, 250px\" \/>&nbsp;<img loading=\"lazy\" decoding=\"async\" width=\"250\" height=\"192\" class=\"alignnone size-full wp-image-661\" src=\"http:\/\/www.labellavespa.be\/wp-content\/uploads\/2018\/01\/boot-1.jpg\" alt=\"Bootverhuur Gent\" srcset=\"https:\/\/www.labellavespa.be\/wp-content\/uploads\/2018\/01\/boot-1.jpg 250w, https:\/\/www.labellavespa.be\/wp-content\/uploads\/2018\/01\/boot-1-120x92.jpg 120w\" sizes=\"(max-width: 250px) 100vw, 250px\" \/>&nbsp;<img loading=\"lazy\" decoding=\"async\" width=\"250\" height=\"192\" class=\"alignnone size-full wp-image-662\" src=\"http:\/\/www.labellavespa.be\/wp-content\/uploads\/2018\/01\/boot-3.jpg\" alt=\"Bootverhuur Gent\" srcset=\"https:\/\/www.labellavespa.be\/wp-content\/uploads\/2018\/01\/boot-3.jpg 250w, https:\/\/www.labellavespa.be\/wp-content\/uploads\/2018\/01\/boot-3-120x92.jpg 120w\" sizes=\"(max-width: 250px) 100vw, 250px\" \/>&nbsp;<img loading=\"lazy\" decoding=\"async\" width=\"250\" height=\"192\" class=\"alignnone size-full wp-image-663\" src=\"http:\/\/www.labellavespa.be\/wp-content\/uploads\/2018\/01\/boot-4.jpg\" alt=\"Bootverhuur Gent\" srcset=\"https:\/\/www.labellavespa.be\/wp-content\/uploads\/2018\/01\/boot-4.jpg 250w, https:\/\/www.labellavespa.be\/wp-content\/uploads\/2018\/01\/boot-4-120x92.jpg 120w\" sizes=\"(max-width: 250px) 100vw, 250px\" \/><\/p>\n<h3><strong>La Bella Vespa meets Cruise4Two<\/strong><\/h3>\n<p>Pour les groupes jusqu&rsquo;\u00e0 40 personnes (ou plus), nous avons d\u00e9velopp\u00e9 un concept unique avec Cruise4Two et l&rsquo;Auberge-du-P\u00eacheur. Le groupe est divis\u00e9 en deux. Alors qu&rsquo;un groupe traverse la r\u00e9gion de la Lys sur une Vespa originale, l&rsquo;autre groupe embarque sur un yacht de luxe sur la Lys. Dans l&rsquo;apr\u00e8s-midi, les deux groupes se r\u00e9unissent pour d\u00e9jeuner \u00e0 l&rsquo;Auberge-du-P\u00eacheur. Les activit\u00e9s changent au cours de l&rsquo;apr\u00e8s-midi.<\/p>\n<p><em>Prix sur demande.<\/em><\/p>\n<p><img loading=\"lazy\" decoding=\"async\" width=\"250\" height=\"192\" class=\"alignnone size-full wp-image-665\" src=\"http:\/\/www.labellavespa.be\/wp-content\/uploads\/2018\/01\/cruise1.jpg\" alt=\"Bootverhuur gent\" srcset=\"https:\/\/www.labellavespa.be\/wp-content\/uploads\/2018\/01\/cruise1.jpg 250w, https:\/\/www.labellavespa.be\/wp-content\/uploads\/2018\/01\/cruise1-120x92.jpg 120w\" sizes=\"(max-width: 250px) 100vw, 250px\" \/>&nbsp;<img loading=\"lazy\" decoding=\"async\" width=\"250\" height=\"192\" class=\"alignnone size-full wp-image-666\" src=\"http:\/\/www.labellavespa.be\/wp-content\/uploads\/2018\/01\/cruise2.jpg\" alt=\"Bootverhuur gent\" srcset=\"https:\/\/www.labellavespa.be\/wp-content\/uploads\/2018\/01\/cruise2.jpg 250w, https:\/\/www.labellavespa.be\/wp-content\/uploads\/2018\/01\/cruise2-120x92.jpg 120w\" sizes=\"(max-width: 250px) 100vw, 250px\" \/>&nbsp;<img loading=\"lazy\" decoding=\"async\" width=\"250\" height=\"192\" class=\"alignnone size-full wp-image-667\" src=\"http:\/\/www.labellavespa.be\/wp-content\/uploads\/2018\/01\/cruise3.jpg\" alt=\"boottocht Gent\" srcset=\"https:\/\/www.labellavespa.be\/wp-content\/uploads\/2018\/01\/cruise3.jpg 250w, https:\/\/www.labellavespa.be\/wp-content\/uploads\/2018\/01\/cruise3-120x92.jpg 120w\" sizes=\"(max-width: 250px) 100vw, 250px\" \/>&nbsp;<img loading=\"lazy\" decoding=\"async\" width=\"250\" height=\"192\" class=\"alignnone size-full wp-image-668\" src=\"http:\/\/www.labellavespa.be\/wp-content\/uploads\/2018\/01\/cruise4.jpg\" alt=\"boottocht Gent\" srcset=\"https:\/\/www.labellavespa.be\/wp-content\/uploads\/2018\/01\/cruise4.jpg 250w, https:\/\/www.labellavespa.be\/wp-content\/uploads\/2018\/01\/cruise4-120x92.jpg 120w\" sizes=\"(max-width: 250px) 100vw, 250px\" \/><\/p>\n<\/div>\n<\/div>\t\t\t\t\t\t\t\t<\/div>\n\t\t\t\t<\/div>\n\t\t\t\t\t<\/div>\n\t\t<\/div>\n\t\t\t\t\t<\/div>\n\t\t<\/section>\n\t\t\t\t<\/div>\n\t\t","protected":false},"excerpt":{"rendered":"[metaslider id=251] Chaloupe Hollandais Hors ou avec capitaine (prix suppl.) La Bella Vespa dispose de son propre bateau Hollandais. Avec ce bateau vous avez la possibilit\u00e9 de naviguer vous-m\u00eame et de jouir d&rsquo;un tour magnifique \u00e0 la Lys ou en direction de Gand historique. Si vous pr\u00e9f\u00e9rez, nous pouvons vous pr\u00e9voir d&rsquo;un capitaine. Prix par&nbsp;heure&#8230; <a class=\"view-article\" href=\"https:\/\/www.labellavespa.be\/fr\/boot\/\">Voir l&rsquo;article<\/a>","protected":false},"author":3,"featured_media":0,"parent":0,"menu_order":0,"comment_status":"closed","ping_status":"closed","template":"template-home.php","meta":{"footnotes":""},"class_list":["post-1036","page","type-page","status-publish","hentry"],"jetpack_sharing_enabled":true,"_links":{"self":[{"href":"https:\/\/www.labellavespa.be\/fr\/wp-json\/wp\/v2\/pages\/1036","targetHints":{"allow":["GET"]}}],"collection":[{"href":"https:\/\/www.labellavespa.be\/fr\/wp-json\/wp\/v2\/pages"}],"about":[{"href":"https:\/\/www.labellavespa.be\/fr\/wp-json\/wp\/v2\/types\/page"}],"author":[{"embeddable":true,"href":"https:\/\/www.labellavespa.be\/fr\/wp-json\/wp\/v2\/users\/3"}],"replies":[{"embeddable":true,"href":"https:\/\/www.labellavespa.be\/fr\/wp-json\/wp\/v2\/comments?post=1036"}],"version-history":[{"count":8,"href":"https:\/\/www.labellavespa.be\/fr\/wp-json\/wp\/v2\/pages\/1036\/revisions"}],"predecessor-version":[{"id":4875,"href":"https:\/\/www.labellavespa.be\/fr\/wp-json\/wp\/v2\/pages\/1036\/revisions\/4875"}],"wp:attachment":[{"href":"https:\/\/www.labellavespa.be\/fr\/wp-json\/wp\/v2\/media?parent=1036"}],"curies":[{"name":"wp","href":"https:\/\/api.w.org\/{rel}","templated":true}]}}