{"id":1040,"date":"2018-02-14T12:01:59","date_gmt":"2018-02-14T11:01:59","guid":{"rendered":"https:\/\/www.labellavespa.be\/?page_id=1040"},"modified":"2018-02-27T11:29:25","modified_gmt":"2018-02-27T10:29:25","slug":"reservation","status":"publish","type":"page","link":"https:\/\/www.labellavespa.be\/fr\/reservation\/","title":{"rendered":"R\u00e9servation"},"content":{"rendered":"<div>[metaslider id=273]<\/div>\n<div class=\"content2\">\n<div class=\"wrapper1\">\n<h3>R\u00e9servez votre vespa ou votre bateau<\/h3>\n<p>Laissez vos coordonn\u00e9es et nous vous contacterons dans les plus brefs d\u00e9lais<\/p>\n\n<div class=\"wpcf7 no-js\" id=\"wpcf7-f1195-o1\" lang=\"nl-NL\" dir=\"ltr\" data-wpcf7-id=\"1195\">\n<div class=\"screen-reader-response\"><p role=\"status\" aria-live=\"polite\" aria-atomic=\"true\"><\/p> <ul><\/ul><\/div>\n<form action=\"\/fr\/wp-json\/wp\/v2\/pages\/1040#wpcf7-f1195-o1\" method=\"post\" class=\"wpcf7-form init\" aria-label=\"Contactformulier\" novalidate=\"novalidate\" data-status=\"init\">\n<fieldset class=\"hidden-fields-container\"><input type=\"hidden\" name=\"_wpcf7\" value=\"1195\" \/><input type=\"hidden\" name=\"_wpcf7_version\" value=\"6.1.5\" \/><input type=\"hidden\" name=\"_wpcf7_locale\" value=\"nl_NL\" \/><input type=\"hidden\" name=\"_wpcf7_unit_tag\" value=\"wpcf7-f1195-o1\" \/><input type=\"hidden\" name=\"_wpcf7_container_post\" value=\"0\" \/><input type=\"hidden\" name=\"_wpcf7_posted_data_hash\" value=\"\" \/>\n<\/fieldset>\n<div class=\"contactform-links\">\n\t<p>Votre nom\n\t<\/p>\n<\/div>\n<div class=\"contactform-rechts\">\n\t<p><span class=\"wpcf7-form-control-wrap\" data-name=\"your-name\"><input size=\"40\" maxlength=\"400\" class=\"wpcf7-form-control wpcf7-text wpcf7-validates-as-required\" aria-required=\"true\" aria-invalid=\"false\" value=\"\" type=\"text\" name=\"your-name\" \/><\/span>\n\t<\/p>\n<\/div>\n<div style=\"clear:both;\">\n<\/div>\n<div class=\"contactform-links\">\n\t<p>E-mail\n\t<\/p>\n<\/div>\n<div class=\"contactform-rechts\">\n\t<p><span class=\"wpcf7-form-control-wrap\" data-name=\"your-email\"><input size=\"40\" maxlength=\"400\" class=\"wpcf7-form-control wpcf7-email wpcf7-validates-as-required wpcf7-text wpcf7-validates-as-email\" aria-required=\"true\" aria-invalid=\"false\" value=\"\" type=\"email\" name=\"your-email\" \/><\/span>\n\t<\/p>\n<\/div>\n<div style=\"clear:both;\">\n<\/div>\n<div class=\"contactform-links\">\n\t<p>T\u00e9l\u00e9phone\n\t<\/p>\n<\/div>\n<div class=\"contactform-rechts\">\n\t<p><span class=\"wpcf7-form-control-wrap\" data-name=\"your-phone\"><input size=\"40\" maxlength=\"400\" class=\"wpcf7-form-control wpcf7-text wpcf7-validates-as-required\" aria-required=\"true\" aria-invalid=\"false\" value=\"\" type=\"text\" name=\"your-phone\" \/><\/span>\n\t<\/p>\n<\/div>\n<div style=\"clear:both;\">\n<\/div>\n<div class=\"contactform-links\">\n\t<p>Date\n\t<\/p>\n<\/div>\n<div class=\"contactform-rechts\">\n\t<p><span class=\"wpcf7-form-control-wrap\" data-name=\"date-634\"><input class=\"wpcf7-form-control wpcf7-date wpcf7-validates-as-required wpcf7-validates-as-date\" aria-required=\"true\" aria-invalid=\"false\" value=\"\" type=\"date\" name=\"date-634\" \/><\/span>\n\t<\/p>\n<\/div>\n<div style=\"clear:both;\">\n<\/div>\n<div class=\"contactform-links\">\n\t<p>Ik ben ge\u00efnteresseerd in\n\t<\/p>\n<\/div>\n<div class=\"contactform-rechts\">\n\t<p><span class=\"wpcf7-form-control-wrap\" data-name=\"radio-516\"><span class=\"wpcf7-form-control wpcf7-radio\"><span class=\"wpcf7-list-item first\"><input type=\"radio\" name=\"radio-516\" value=\"Vespa\" checked=\"checked\" \/><span class=\"wpcf7-list-item-label\">Vespa<\/span><\/span><span class=\"wpcf7-list-item\"><input type=\"radio\" name=\"radio-516\" value=\"Boot\" \/><span class=\"wpcf7-list-item-label\">Boot<\/span><\/span><span class=\"wpcf7-list-item last\"><input type=\"radio\" name=\"radio-516\" value=\"Teambuilding\" \/><span class=\"wpcf7-list-item-label\">Teambuilding<\/span><\/span><\/span><\/span>\n\t<\/p>\n<\/div>\n<div style=\"clear:both;\">\n<\/div>\n<div class=\"contactform-links\">\n\t<p>Duur\n\t<\/p>\n<\/div>\n<div class=\"contactform-rechts\">\n\t<p><span class=\"wpcf7-form-control-wrap\" data-name=\"radio-517\"><span class=\"wpcf7-form-control wpcf7-radio\"><span class=\"wpcf7-list-item first\"><input type=\"radio\" name=\"radio-517\" value=\"Halve dag\" checked=\"checked\" \/><span class=\"wpcf7-list-item-label\">Halve dag<\/span><\/span><span class=\"wpcf7-list-item last\"><input type=\"radio\" name=\"radio-517\" value=\"Volle dag\" \/><span class=\"wpcf7-list-item-label\">Volle dag<\/span><\/span><\/span><\/span>\n\t<\/p>\n<\/div>\n<div style=\"clear:both;\">\n<\/div>\n<div class=\"contactform-links\">\n\t<p>Gewenst vertrekuur\n\t<\/p>\n<\/div>\n<div class=\"contactform-rechts\">\n\t<p><span class=\"wpcf7-form-control-wrap\" data-name=\"your-vertrekuur\"><input size=\"40\" maxlength=\"400\" class=\"wpcf7-form-control wpcf7-text wpcf7-validates-as-required\" aria-required=\"true\" aria-invalid=\"false\" value=\"\" type=\"text\" name=\"your-vertrekuur\" \/><\/span>\n\t<\/p>\n<\/div>\n<div style=\"clear:both;\">\n<\/div>\n<div class=\"contactform-links\">\n\t<p>Message\n\t<\/p>\n<\/div>\n<div class=\"contactform-rechts\">\n\t<p><span class=\"wpcf7-form-control-wrap\" data-name=\"your-message\"><textarea cols=\"40\" rows=\"10\" maxlength=\"2000\" class=\"wpcf7-form-control wpcf7-textarea\" aria-invalid=\"false\" name=\"your-message\"><\/textarea><\/span>\n\t<\/p>\n<\/div>\n<div style=\"clear:both;\">\n<\/div>\n<div class=\"contactform-links\">\n\t<p>&nbsp;\n\t<\/p>\n<\/div>\n<div class=\"contactform-rechts\">\n\t<p><input class=\"wpcf7-form-control wpcf7-submit has-spinner\" type=\"submit\" value=\"R\u00e9servez\" \/>\n\t<\/p>\n<\/div>\n<div style=\"clear:both;\">\n<\/div><input type='hidden' class='wpcf7-pum' value='{\"closepopup\":false,\"closedelay\":0,\"openpopup\":false,\"openpopup_id\":0}' \/><div class=\"wpcf7-response-output\" aria-hidden=\"true\"><\/div>\n<\/form>\n<\/div>\n\n<\/div>\n<\/div>\n","protected":false},"excerpt":{"rendered":"[metaslider id=273] R\u00e9servez votre vespa ou votre bateau Laissez vos coordonn\u00e9es et nous vous contacterons dans les plus brefs d\u00e9lais","protected":false},"author":3,"featured_media":0,"parent":0,"menu_order":0,"comment_status":"closed","ping_status":"closed","template":"template-home.php","meta":{"footnotes":""},"class_list":["post-1040","page","type-page","status-publish","hentry"],"jetpack_sharing_enabled":true,"_links":{"self":[{"href":"https:\/\/www.labellavespa.be\/fr\/wp-json\/wp\/v2\/pages\/1040","targetHints":{"allow":["GET"]}}],"collection":[{"href":"https:\/\/www.labellavespa.be\/fr\/wp-json\/wp\/v2\/pages"}],"about":[{"href":"https:\/\/www.labellavespa.be\/fr\/wp-json\/wp\/v2\/types\/page"}],"author":[{"embeddable":true,"href":"https:\/\/www.labellavespa.be\/fr\/wp-json\/wp\/v2\/users\/3"}],"replies":[{"embeddable":true,"href":"https:\/\/www.labellavespa.be\/fr\/wp-json\/wp\/v2\/comments?post=1040"}],"version-history":[{"count":2,"href":"https:\/\/www.labellavespa.be\/fr\/wp-json\/wp\/v2\/pages\/1040\/revisions"}],"predecessor-version":[{"id":1196,"href":"https:\/\/www.labellavespa.be\/fr\/wp-json\/wp\/v2\/pages\/1040\/revisions\/1196"}],"wp:attachment":[{"href":"https:\/\/www.labellavespa.be\/fr\/wp-json\/wp\/v2\/media?parent=1040"}],"curies":[{"name":"wp","href":"https:\/\/api.w.org\/{rel}","templated":true}]}}