{"id":1048,"date":"2018-02-14T12:10:49","date_gmt":"2018-02-14T11:10:49","guid":{"rendered":"https:\/\/www.labellavespa.be\/?page_id=1048"},"modified":"2018-12-05T14:25:47","modified_gmt":"2018-12-05T13:25:47","slug":"routes","status":"publish","type":"page","link":"https:\/\/www.labellavespa.be\/fr\/routes\/","title":{"rendered":"Routes"},"content":{"rendered":"<p>[metaslider id=379]<\/p>\n<div class=\"content2\">\n<div class=\"wrapper1\">\n<h3><em>D\u00e9couvrez nos itin\u00e9raires vespa ici<\/em><\/h3>\n<div class=\"vespatocht-links\">\n<p><a href=\"http:\/\/www.labellavespa.be\/routes\/leiestreek\/\"><img fetchpriority=\"high\" decoding=\"async\" class=\"alignnone wp-image-694 size-full\" src=\"http:\/\/www.labellavespa.be\/wp-content\/uploads\/2018\/01\/route-1-1.jpg\"  width=\"450\" height=\"320\" \/    alt=\"vespa rijden gent\" srcset=\"https:\/\/www.labellavespa.be\/wp-content\/uploads\/2018\/01\/route-1-1.jpg 450w, https:\/\/www.labellavespa.be\/wp-content\/uploads\/2018\/01\/route-1-1-250x178.jpg 250w, https:\/\/www.labellavespa.be\/wp-content\/uploads\/2018\/01\/route-1-1-120x85.jpg 120w\" sizes=\"(max-width: 450px) 100vw, 450px\" \/><\/a><\/p>\n<h1>La r\u00e9gion de la Lys<\/h1>\n<\/div>\n<div class=\"vespatocht-rechts\">\n<p><a href=\"http:\/\/www.labellavespa.be\/routes\/historisch-gent\/\"><img decoding=\"async\" class=\"alignnone wp-image-695 size-full\" src=\"http:\/\/www.labellavespa.be\/wp-content\/uploads\/2018\/01\/route-2-1.jpg\"  width=\"450\" height=\"320\" \/    alt=\"vespa rijden gent\" srcset=\"https:\/\/www.labellavespa.be\/wp-content\/uploads\/2018\/01\/route-2-1.jpg 450w, https:\/\/www.labellavespa.be\/wp-content\/uploads\/2018\/01\/route-2-1-250x178.jpg 250w, https:\/\/www.labellavespa.be\/wp-content\/uploads\/2018\/01\/route-2-1-120x85.jpg 120w\" sizes=\"(max-width: 450px) 100vw, 450px\" \/><\/a><\/p>\n<h1>Gand historique<\/h1>\n<\/div>\n<\/div>\n<\/div>\n<div class=\"content2\">\n<div class=\"wrapper1\">\n<div class=\"vespatocht-links\">\n<p><a href=\"http:\/\/www.labellavespa.be\/routes\/vlaamse-ardennen\/\"><img decoding=\"async\" class=\"alignnone wp-image-696 size-full\" src=\"http:\/\/www.labellavespa.be\/wp-content\/uploads\/2018\/01\/route-3-1.jpg\"  width=\"450\" height=\"320\" \/    alt=\"vespa rijden gent\" srcset=\"https:\/\/www.labellavespa.be\/wp-content\/uploads\/2018\/01\/route-3-1.jpg 450w, https:\/\/www.labellavespa.be\/wp-content\/uploads\/2018\/01\/route-3-1-250x178.jpg 250w, https:\/\/www.labellavespa.be\/wp-content\/uploads\/2018\/01\/route-3-1-120x85.jpg 120w\" sizes=\"(max-width: 450px) 100vw, 450px\" \/><\/a><\/p>\n<h1>Ardennes Flamandes<\/h1>\n<\/div>\n<div class=\"vespatocht-rechts\">\n<p><a href=\"http:\/\/www.labellavespa.be\/routes\/scheldevallei\/\"><img loading=\"lazy\" decoding=\"async\" class=\"alignnone wp-image-697 size-full\" src=\"http:\/\/www.labellavespa.be\/wp-content\/uploads\/2018\/01\/route-4-1.jpg\"  width=\"450\" height=\"320\" \/      alt=\"vespa rijden gent\" srcset=\"https:\/\/www.labellavespa.be\/wp-content\/uploads\/2018\/01\/route-4-1.jpg 450w, https:\/\/www.labellavespa.be\/wp-content\/uploads\/2018\/01\/route-4-1-250x178.jpg 250w, https:\/\/www.labellavespa.be\/wp-content\/uploads\/2018\/01\/route-4-1-120x85.jpg 120w\" sizes=\"(max-width: 450px) 100vw, 450px\" \/><\/a><\/p>\n<h1>Route du Schelde<\/h1>\n<\/div>\n<\/div>\n<\/div>\n<div class=\"content2\">\n<div class=\"wrapper1\">\n<div class=\"vespatocht-links\">\n<p><a href=\"http:\/\/www.labellavespa.be\/routes\/vlaamse-ardennen\/\"><img loading=\"lazy\" decoding=\"async\" class=\"alignnone wp-image-700 size-full\" src=\"http:\/\/www.labellavespa.be\/wp-content\/uploads\/2018\/01\/route-5-2.jpg\"  width=\"450\" height=\"320\" \/      alt=\"vespa rijden gent\" srcset=\"https:\/\/www.labellavespa.be\/wp-content\/uploads\/2018\/01\/route-5-2.jpg 450w, https:\/\/www.labellavespa.be\/wp-content\/uploads\/2018\/01\/route-5-2-250x178.jpg 250w, https:\/\/www.labellavespa.be\/wp-content\/uploads\/2018\/01\/route-5-2-120x85.jpg 120w\" sizes=\"(max-width: 450px) 100vw, 450px\" \/><\/a><\/p>\n<h1>Ardennes Flamandes- mini<\/h1>\n<\/div>\n<div class=\"vespatocht-rechts\">\n<p><a href=\"http:\/\/www.labellavespa.be\/routes\/kasteelroute\/\"><img loading=\"lazy\" decoding=\"async\" class=\"alignnone wp-image-699 size-full\" src=\"http:\/\/www.labellavespa.be\/wp-content\/uploads\/2018\/01\/route-6-1.jpg\"  width=\"450\" height=\"320\" \/      alt=\"vespa rijden gent\" srcset=\"https:\/\/www.labellavespa.be\/wp-content\/uploads\/2018\/01\/route-6-1.jpg 450w, https:\/\/www.labellavespa.be\/wp-content\/uploads\/2018\/01\/route-6-1-250x178.jpg 250w, https:\/\/www.labellavespa.be\/wp-content\/uploads\/2018\/01\/route-6-1-120x85.jpg 120w\" sizes=\"(max-width: 450px) 100vw, 450px\" \/><\/a><\/p>\n<h1>Route du ch\u00e2teau<\/h1>\n<\/div>\n<\/div>\n<\/div>\n<div class=\"content2\">\n<div class=\"wrapper1\">\n<p>&nbsp;<\/p>\n<\/div>\n<\/div>\n","protected":false},"excerpt":{"rendered":"[metaslider id=379] D\u00e9couvrez nos itin\u00e9raires vespa ici La r\u00e9gion de la Lys Gand historique Ardennes Flamandes Route du Schelde Ardennes Flamandes- mini Route du ch\u00e2teau &nbsp;","protected":false},"author":3,"featured_media":0,"parent":0,"menu_order":0,"comment_status":"closed","ping_status":"closed","template":"template-home.php","meta":{"footnotes":""},"class_list":["post-1048","page","type-page","status-publish","hentry"],"jetpack_sharing_enabled":true,"_links":{"self":[{"href":"https:\/\/www.labellavespa.be\/fr\/wp-json\/wp\/v2\/pages\/1048","targetHints":{"allow":["GET"]}}],"collection":[{"href":"https:\/\/www.labellavespa.be\/fr\/wp-json\/wp\/v2\/pages"}],"about":[{"href":"https:\/\/www.labellavespa.be\/fr\/wp-json\/wp\/v2\/types\/page"}],"author":[{"embeddable":true,"href":"https:\/\/www.labellavespa.be\/fr\/wp-json\/wp\/v2\/users\/3"}],"replies":[{"embeddable":true,"href":"https:\/\/www.labellavespa.be\/fr\/wp-json\/wp\/v2\/comments?post=1048"}],"version-history":[{"count":5,"href":"https:\/\/www.labellavespa.be\/fr\/wp-json\/wp\/v2\/pages\/1048\/revisions"}],"predecessor-version":[{"id":2035,"href":"https:\/\/www.labellavespa.be\/fr\/wp-json\/wp\/v2\/pages\/1048\/revisions\/2035"}],"wp:attachment":[{"href":"https:\/\/www.labellavespa.be\/fr\/wp-json\/wp\/v2\/media?parent=1048"}],"curies":[{"name":"wp","href":"https:\/\/api.w.org\/{rel}","templated":true}]}}