{"id":1054,"date":"2018-02-14T12:24:34","date_gmt":"2018-02-14T11:24:34","guid":{"rendered":"https:\/\/www.labellavespa.be\/?page_id=1054"},"modified":"2018-12-05T14:17:01","modified_gmt":"2018-12-05T13:17:01","slug":"gand-historique","status":"publish","type":"page","link":"https:\/\/www.labellavespa.be\/fr\/routes\/gand-historique\/","title":{"rendered":"Gand historique"},"content":{"rendered":"<div>[metaslider id=401]<\/div>\n<div>\n<div><\/div>\n<div><\/div>\n<div>\n<h3><\/h3>\n<\/div>\n<p>&nbsp;<\/p>\n<div>\n<h3 class=\"wrapper1\" style=\"text-align: center;\"><strong>Gand historique<\/strong><\/h3>\n<h2 class=\"wrapper1\" style=\"text-align: center;\">Demi-journ\u00e9e<\/h2>\n<p>&nbsp;<\/p>\n<h2 class=\"wrapper1\" style=\"text-align: center;\"><img decoding=\"async\" width=\"250\" height=\"192\" class=\"alignnone size-full wp-image-780\" src=\"http:\/\/www.labellavespa.be\/wp-content\/uploads\/2018\/01\/gent-1.jpg\"  \/    alt=\"Stadswandeling gent\" srcset=\"https:\/\/www.labellavespa.be\/wp-content\/uploads\/2018\/01\/gent-1.jpg 250w, https:\/\/www.labellavespa.be\/wp-content\/uploads\/2018\/01\/gent-1-120x92.jpg 120w\" sizes=\"(max-width: 250px) 100vw, 250px\" \/>\u00a0\u00a0<img decoding=\"async\" width=\"250\" height=\"192\" class=\"alignnone size-full wp-image-779\" src=\"http:\/\/www.labellavespa.be\/wp-content\/uploads\/2018\/01\/gent-3.jpg\"  \/    alt=\"Vespa gent\" srcset=\"https:\/\/www.labellavespa.be\/wp-content\/uploads\/2018\/01\/gent-3.jpg 250w, https:\/\/www.labellavespa.be\/wp-content\/uploads\/2018\/01\/gent-3-120x92.jpg 120w\" sizes=\"(max-width: 250px) 100vw, 250px\" \/>\u00a0\u00a0<img decoding=\"async\" width=\"250\" height=\"192\" class=\"alignnone size-full wp-image-778\" src=\"http:\/\/www.labellavespa.be\/wp-content\/uploads\/2018\/01\/gent-2.jpg\"  \/    alt=\"Vespa gent\" srcset=\"https:\/\/www.labellavespa.be\/wp-content\/uploads\/2018\/01\/gent-2.jpg 250w, https:\/\/www.labellavespa.be\/wp-content\/uploads\/2018\/01\/gent-2-120x92.jpg 120w\" sizes=\"(max-width: 250px) 100vw, 250px\" \/><\/h2>\n<p id=\"tw-target-text\" class=\"tw-data-text tw-ta tw-text-small\" dir=\"ltr\" style=\"text-align: center;\" data-placeholder=\"Vertaling\"><span lang=\"fr\">D\u00e9couvrez le magnifique centre de <strong>Gand<\/strong> par Vespa! De notre emplacement, vous \u00eates \u00e0 10 minutes dans le centre de Gand. <\/span><\/p>\n<p class=\"tw-data-text tw-ta tw-text-small\" dir=\"ltr\" style=\"text-align: center;\" data-placeholder=\"Vertaling\"><span lang=\"fr\">Dans la premi\u00e8re partie de la route, vous conduisez le long de la Lys jusqu&rsquo;au <strong>centre historique de Gand<\/strong>. Une fois au centre, vous passerez plusieurs attractions de Gand. <\/span><\/p>\n<p class=\"tw-data-text tw-ta tw-text-small\" dir=\"ltr\" style=\"text-align: center;\" data-placeholder=\"Vertaling\"><span lang=\"fr\">Garez votre Vespa sur le <strong>Kouter<\/strong> et profitez des superbes terrasses et lieux que Gand a \u00e0 offrir. Une tr\u00e8s belle attraction \u00e0 Gand est le <strong>Graslei<\/strong>. Ici, vous pouvez profiter de votre boisson ou une collation avec une vue sur l&rsquo;un des plus beaux endroits de Gand. <\/span><\/p>\n<p class=\"tw-data-text tw-ta tw-text-small\" dir=\"ltr\" style=\"text-align: center;\" data-placeholder=\"Vertaling\"><span lang=\"fr\">Si vous conduisez plus loin, nous passerons <strong>la cathedrale Sint-Baafs<\/strong>, le Belfort, le Gravensteen, etc &#8230; <\/span><\/p>\n<p class=\"tw-data-text tw-ta tw-text-small\" dir=\"ltr\" style=\"text-align: center;\" data-placeholder=\"Vertaling\"><span lang=\"fr\">En bref, profitez du sentiment d&rsquo;un voyage en ville sur une Vespa.<\/span><\/p>\n<p id=\"wnd_TextBlock_98448_inner_1\" class=\"wnd-align-center\" style=\"text-align: center;\" data-wnd_is_separable=\"1\" data-wnd_separable_index=\"1\" data-wnd_separable_id=\"wnd_TextBlock_98448\"><b>\u00a0 \u00a0 \u00a0 \u00a0 <\/b><em>\u00a0Demi-journ\u00e9e\u00a0 \u00a0 \u00a0 \u00a0 \u00a0 \u00a0 \u00a0 \u00a0 \u00a0 \u00a0 \u00a0Distance 25km.\u00a0 \u00a0 \u00a0 \u00a0<\/em><\/p>\n<p class=\"wnd-align-center\" style=\"text-align: center;\" data-wnd_is_separable=\"1\" data-wnd_separable_index=\"1\" data-wnd_separable_id=\"wnd_TextBlock_98448\"><em>\u00a0 \u00a0 \u00a0<\/em><\/p>\n<\/div>\n<\/div>\n<div class=\"content2\">\n<div class=\"wrapper1\">\n<p><img loading=\"lazy\" decoding=\"async\" width=\"634\" height=\"587\" class=\"size-full wp-image-410 aligncenter\" src=\"http:\/\/www.labellavespa.be\/wp-content\/uploads\/2017\/12\/historisch-gent-route.jpg\"  \/      alt=\"Vespa gent\" srcset=\"https:\/\/www.labellavespa.be\/wp-content\/uploads\/2017\/12\/historisch-gent-route.jpg 634w, https:\/\/www.labellavespa.be\/wp-content\/uploads\/2017\/12\/historisch-gent-route-600x556.jpg 600w, https:\/\/www.labellavespa.be\/wp-content\/uploads\/2017\/12\/historisch-gent-route-250x231.jpg 250w, https:\/\/www.labellavespa.be\/wp-content\/uploads\/2017\/12\/historisch-gent-route-120x111.jpg 120w\" sizes=\"(max-width: 634px) 100vw, 634px\" \/><\/p>\n<\/div>\n<\/div>\n","protected":false},"excerpt":{"rendered":"[metaslider id=401] &nbsp; Gand historique Demi-journ\u00e9e &nbsp; \u00a0\u00a0\u00a0\u00a0 D\u00e9couvrez le magnifique centre de Gand par Vespa! De notre emplacement, vous \u00eates \u00e0 10 minutes dans le centre de Gand. Dans la premi\u00e8re partie de la route, vous conduisez le long de la Lys jusqu&rsquo;au centre historique de Gand. Une fois au centre, vous passerez plusieurs&#8230; <a class=\"view-article\" href=\"https:\/\/www.labellavespa.be\/fr\/routes\/gand-historique\/\">Voir l&rsquo;article<\/a>","protected":false},"author":3,"featured_media":0,"parent":1048,"menu_order":0,"comment_status":"closed","ping_status":"closed","template":"template-home.php","meta":{"footnotes":""},"class_list":["post-1054","page","type-page","status-publish","hentry"],"jetpack_sharing_enabled":true,"_links":{"self":[{"href":"https:\/\/www.labellavespa.be\/fr\/wp-json\/wp\/v2\/pages\/1054","targetHints":{"allow":["GET"]}}],"collection":[{"href":"https:\/\/www.labellavespa.be\/fr\/wp-json\/wp\/v2\/pages"}],"about":[{"href":"https:\/\/www.labellavespa.be\/fr\/wp-json\/wp\/v2\/types\/page"}],"author":[{"embeddable":true,"href":"https:\/\/www.labellavespa.be\/fr\/wp-json\/wp\/v2\/users\/3"}],"replies":[{"embeddable":true,"href":"https:\/\/www.labellavespa.be\/fr\/wp-json\/wp\/v2\/comments?post=1054"}],"version-history":[{"count":5,"href":"https:\/\/www.labellavespa.be\/fr\/wp-json\/wp\/v2\/pages\/1054\/revisions"}],"predecessor-version":[{"id":1954,"href":"https:\/\/www.labellavespa.be\/fr\/wp-json\/wp\/v2\/pages\/1054\/revisions\/1954"}],"up":[{"embeddable":true,"href":"https:\/\/www.labellavespa.be\/fr\/wp-json\/wp\/v2\/pages\/1048"}],"wp:attachment":[{"href":"https:\/\/www.labellavespa.be\/fr\/wp-json\/wp\/v2\/media?parent=1054"}],"curies":[{"name":"wp","href":"https:\/\/api.w.org\/{rel}","templated":true}]}}