{"id":36,"date":"2016-05-26T08:55:24","date_gmt":"2016-05-26T06:55:24","guid":{"rendered":"http:\/\/www.labellavespa.be\/?page_id=36&#038;lang=fr"},"modified":"2019-10-03T11:13:19","modified_gmt":"2019-10-03T09:13:19","slug":"home","status":"publish","type":"page","link":"https:\/\/www.labellavespa.be\/fr\/","title":{"rendered":"Home"},"content":{"rendered":"<div>[metaslider id=1117]<\/div>\n<div class=\"content2\">\n<div class=\"wrapper1\"><\/div>\n<p style=\"text-align: center;\"><span class=\"wnd-font-size-60\"><span class=\"wsw-48\">Location Vespa<\/span>\u00a0\u00e0 partir de\u00a0<em><strong><span class=\"wsw-48\">\u20ac25<\/span><\/strong><\/em>. La Bella Vespa, situ\u00e9e \u00e0 Gand, vous propose la possibilit\u00e9 de faire des randonn\u00e9es paisibles \u00e0 deux, entre amis, en famille ou avec le boulot, et de r\u00e9aliser une journ\u00e9e inoubliable, avec une <strong>Vespa 50 cc<\/strong>, le look tr\u00e8s cool. Laisser vous emport\u00e9s par la beaut\u00e9 et le charme de la ville de\u00a0<span class=\"wsw-48\">Gand<\/span>, avec ces <strong>b\u00e2timents historiques<\/strong>, mus\u00e9es, boutiques et terrasses accueillentes.<\/span><\/p>\n<p style=\"text-align: center;\"><span class=\"wnd-font-size-60\"><span class=\"wsw-48\">La r\u00e9gion pittoresque de la Lys<\/span>\u00a0avec le village artistique de Latem, <strong>le village pittoresque de Deurle<\/strong>, mentionn\u00e9 comme un des plus beau village de Flandre et l&rsquo;environnement de ch\u00e2teau d&rsquo; Ooidonk ou les collines des\u00a0<span class=\"wsw-48\">Ardennes Flamandes<\/span>, d&rsquo;une rare beaut\u00e9, <strong>la Toscane de Flandre<\/strong>.<\/span><\/p>\n<p style=\"text-align: center;\"><span class=\"wnd-font-size-60\">Vous avez le choix entre des routes programm\u00e9es que vous pouvez combiner avec\u00a0<span class=\"wsw-48\">un tour romanesque en<strong> b\u00e2teau<\/strong><\/span><strong>\u00a0sur la Lys<\/strong>. Ensuite il y a nos arrangements h\u00f4telli\u00e8res.<\/span><\/p>\n<p style=\"text-align: center;\"><span class=\"wnd-font-size-60\">Sur demande nous pouvons proposer d&rsquo;autre routes ou vous prescrivez votre propre route.<\/span><\/p>\n<div><\/div>\n<\/div>\n<div id=\"catalogi\">\n<div class=\"wrapper-catalogi\">\n<h1 class=\"shadow\">Enjoy the experience<\/h1>\n<div class=\"reserveer\"><a title=\"reserveren\" href=\"reserveren\">R\u00e9server<\/a><\/div>\n<\/div>\n<\/div>\n<div class=\"content2\">\n<div class=\"wrapper1\">\n<h3><b>Des ann\u00e9es d&rsquo;exp\u00e9rience et un service excellent pour vos \u00e9v\u00e9nements.\u00a0<\/b><\/h3>\n<p><img decoding=\"async\" width=\"250\" height=\"192\" class=\"alignnone size-full wp-image-583\" src=\"http:\/\/www.labellavespa.be\/wp-content\/uploads\/2018\/01\/Home-1.jpg\" alt=\"La Bella Vespa - Vespa en bootverhuur\" srcset=\"https:\/\/www.labellavespa.be\/wp-content\/uploads\/2018\/01\/Home-1.jpg 250w, https:\/\/www.labellavespa.be\/wp-content\/uploads\/2018\/01\/Home-1-120x92.jpg 120w\" sizes=\"(max-width: 250px) 100vw, 250px\" \/>\u00a0<img decoding=\"async\" width=\"250\" height=\"192\" class=\"alignnone size-full wp-image-584\" src=\"http:\/\/www.labellavespa.be\/wp-content\/uploads\/2018\/01\/home-2.jpg\" alt=\"Vespa verhuur Vlaamse ardennen\" srcset=\"https:\/\/www.labellavespa.be\/wp-content\/uploads\/2018\/01\/home-2.jpg 250w, https:\/\/www.labellavespa.be\/wp-content\/uploads\/2018\/01\/home-2-120x92.jpg 120w\" sizes=\"(max-width: 250px) 100vw, 250px\" \/>\u00a0<img decoding=\"async\" width=\"250\" height=\"192\" class=\"alignnone size-full wp-image-585\" src=\"http:\/\/www.labellavespa.be\/wp-content\/uploads\/2018\/01\/home-3.jpg\" alt=\"La Bella Vespa - Vespa en bootverhuur\" srcset=\"https:\/\/www.labellavespa.be\/wp-content\/uploads\/2018\/01\/home-3.jpg 250w, https:\/\/www.labellavespa.be\/wp-content\/uploads\/2018\/01\/home-3-120x92.jpg 120w\" sizes=\"(max-width: 250px) 100vw, 250px\" \/>\u00a0<img loading=\"lazy\" decoding=\"async\" width=\"250\" height=\"192\" class=\"alignnone size-full wp-image-586\" src=\"http:\/\/www.labellavespa.be\/wp-content\/uploads\/2018\/01\/Home-4.jpg\" alt=\"La Bella Vespa - Vespa en bootverhuur\" srcset=\"https:\/\/www.labellavespa.be\/wp-content\/uploads\/2018\/01\/Home-4.jpg 250w, https:\/\/www.labellavespa.be\/wp-content\/uploads\/2018\/01\/Home-4-120x92.jpg 120w\" sizes=\"(max-width: 250px) 100vw, 250px\" \/><\/p>\n<p><em><span class=\"wnd-font-size-40\">Organiser votre \u00e9v\u00e9nement d&rsquo;entreprise, excursion d&rsquo;une journ\u00e9e, enterrement de vie de gar\u00e7on, etc &#8230; Nous pr\u00e9occupe \u00e9norm\u00e9ment, et nous nous assurons que vous et votre entreprise puissiez profiter d&rsquo;une journ\u00e9e unique sans aucun souci.\u00a0<\/span><\/em><\/p>\n<div class=\"content2\">\n<div class=\"wrapper1\">\n<div class=\"kolom-links\">\n<h2>Nos donn\u00e9s:<\/h2>\n<h3><strong>La Bella Vespa<\/strong><\/h3>\n<p>Beukenlaan 65 &#8211; 9051 Gent<\/p>\n<p>+32\/485.46.49.49<br \/>\n<em><a title=\"contact\" href=\"mailto:info@labellavespa.be\">info@labellavespa.be<\/a><\/em><\/p>\n<p><strong>Heures d&rsquo;ouverture<\/strong><br \/>\nLundi &#8211; Dimanche<br \/>\n10.00u. &#8211; 21.30u.<\/p>\n<p>BTW: BE0820.313.261<\/p>\n<\/div>\n<div class=\"kolom-rechts\">[wpgmza id=\u00a0\u00bb1&Prime;]<\/div>\n<\/div>\n<\/div>\n<\/div>\n<\/div>\n","protected":false},"excerpt":{"rendered":"[metaslider id=1117] Location Vespa\u00a0\u00e0 partir de\u00a0\u20ac25. La Bella Vespa, situ\u00e9e \u00e0 Gand, vous propose la possibilit\u00e9 de faire des randonn\u00e9es paisibles \u00e0 deux, entre amis, en famille ou avec le boulot, et de r\u00e9aliser une journ\u00e9e inoubliable, avec une Vespa 50 cc, le look tr\u00e8s cool. Laisser vous emport\u00e9s par la beaut\u00e9 et le charme&#8230; <a class=\"view-article\" href=\"https:\/\/www.labellavespa.be\/fr\/\">Voir l&rsquo;article<\/a>","protected":false},"author":1,"featured_media":0,"parent":0,"menu_order":0,"comment_status":"closed","ping_status":"closed","template":"template-home.php","meta":{"footnotes":""},"class_list":["post-36","page","type-page","status-publish","hentry"],"jetpack_sharing_enabled":true,"_links":{"self":[{"href":"https:\/\/www.labellavespa.be\/fr\/wp-json\/wp\/v2\/pages\/36","targetHints":{"allow":["GET"]}}],"collection":[{"href":"https:\/\/www.labellavespa.be\/fr\/wp-json\/wp\/v2\/pages"}],"about":[{"href":"https:\/\/www.labellavespa.be\/fr\/wp-json\/wp\/v2\/types\/page"}],"author":[{"embeddable":true,"href":"https:\/\/www.labellavespa.be\/fr\/wp-json\/wp\/v2\/users\/1"}],"replies":[{"embeddable":true,"href":"https:\/\/www.labellavespa.be\/fr\/wp-json\/wp\/v2\/comments?post=36"}],"version-history":[{"count":5,"href":"https:\/\/www.labellavespa.be\/fr\/wp-json\/wp\/v2\/pages\/36\/revisions"}],"predecessor-version":[{"id":2529,"href":"https:\/\/www.labellavespa.be\/fr\/wp-json\/wp\/v2\/pages\/36\/revisions\/2529"}],"wp:attachment":[{"href":"https:\/\/www.labellavespa.be\/fr\/wp-json\/wp\/v2\/media?parent=36"}],"curies":[{"name":"wp","href":"https:\/\/api.w.org\/{rel}","templated":true}]}}