{"id":994,"date":"2018-02-13T13:14:28","date_gmt":"2018-02-13T12:14:28","guid":{"rendered":"https:\/\/www.labellavespa.be\/?page_id=994"},"modified":"2018-12-05T14:20:01","modified_gmt":"2018-12-05T13:20:01","slug":"nuitees","status":"publish","type":"page","link":"https:\/\/www.labellavespa.be\/fr\/arrangements\/nuitees\/","title":{"rendered":"Nuit\u00e9es"},"content":{"rendered":"<div>[metaslider id=1175]<\/div>\n<div class=\"content2\">\n<div class=\"wrapper1\">\n<h3>Pur plaisir<\/h3>\n<\/div>\n<\/div>\n<div><\/div>\n<div>[metaslider id=291]<\/div>\n<div class=\"content2\">\n<div class=\"wrapper1\">\n<div class=\"content-left\"><img fetchpriority=\"high\" decoding=\"async\" width=\"316\" height=\"159\" class=\"alignnone size-full wp-image-336\" src=\"http:\/\/www.labellavespa.be\/wp-content\/uploads\/2017\/12\/auberge-5.jpg\"  \/    alt=\"Sint-Martens-Latem\" srcset=\"https:\/\/www.labellavespa.be\/wp-content\/uploads\/2017\/12\/auberge-5.jpg 316w, https:\/\/www.labellavespa.be\/wp-content\/uploads\/2017\/12\/auberge-5-250x126.jpg 250w, https:\/\/www.labellavespa.be\/wp-content\/uploads\/2017\/12\/auberge-5-120x60.jpg 120w\" sizes=\"(max-width: 316px) 100vw, 316px\" \/><\/div>\n<div class=\"content-right\">\n<p><b><span class=\"wsw-48\">Pure plaisir \u00e0 la Lys\u00a0<\/span><\/b><\/p>\n<p>Profitez d&rsquo;une visite en Vespa de 3 heures \u00e0 travers le Leiedal \u00e0 l&rsquo;Auberge du P\u00eacheur. Vous avez le choix de le faire le matin ou l&rsquo;apr\u00e8s-midi. Apr\u00e8s ou avant le tour de Vespa, vous serez attendu dans notre brasserie pour d\u00e9guster le Menu Pecheur (hors boissons). Vous concluez ce forfait avec une nuit de luxe dans une chambre confort.<\/p>\n<p>1 personne par Vespa &#8211;\u00a0<em>\u20ac 137,50 p.p.*<\/em><br \/>\n2 personne par Vespa &#8211;\u00a0<em>\u20ac 117,50 p.p.*<\/em><\/p>\n<p>Avec suppl\u00e9ment \u00e9galement possible pour une journ\u00e9e compl\u00e8te.<\/p>\n<p><span class=\"wnd-font-size-70\">* ce prix est seulement pour une chambre standard<\/span><\/p>\n<\/div>\n<\/div>\n<\/div>\n<div>[metaslider id=285]<\/div>\n<div class=\"content2\">\n<div class=\"wrapper1\">\n<div class=\"content-left\"><img decoding=\"async\" width=\"700\" height=\"348\" class=\"alignnone size-full wp-image-337\" src=\"http:\/\/www.labellavespa.be\/wp-content\/uploads\/2017\/12\/boldershof-5.jpg\"  \/      alt=\"Deurle\" srcset=\"https:\/\/www.labellavespa.be\/wp-content\/uploads\/2017\/12\/boldershof-5.jpg 700w, https:\/\/www.labellavespa.be\/wp-content\/uploads\/2017\/12\/boldershof-5-600x298.jpg 600w, https:\/\/www.labellavespa.be\/wp-content\/uploads\/2017\/12\/boldershof-5-250x124.jpg 250w, https:\/\/www.labellavespa.be\/wp-content\/uploads\/2017\/12\/boldershof-5-120x60.jpg 120w\" sizes=\"(max-width: 700px) 100vw, 700px\" \/><\/div>\n<div class=\"content-right\">\n<p><b><span class=\"wsw-48\">Un h\u00f4tel pittoresque\u00a0<\/span><\/b><\/p>\n<p>Ensemble sur le scooter, d\u00eener et nuit<\/p>\n<ul>\n<li>Une journ\u00e9e enti\u00e8re de conduite avec une Vespa &#8211; ensemble sur une Vespa et utilisation du GPS.<\/li>\n<li>1 nuit en chambre de luxe avec petit-d\u00e9jeuner<\/li>\n<li>D\u00eener 3 cours hors boissons<\/li>\n<\/ul>\n<p><em>\u20ac125,-\/pers.<\/em><\/p>\n<p>Chacun sur un scooter, d\u00eener et nuit<\/p>\n<ul>\n<li>Une journ\u00e9e enti\u00e8re de conduite avec une Vespa &#8211; ensemble sur une Vespa et utilisation du GPS.<\/li>\n<li>1 nuit en chambre de luxe avec petit-d\u00e9jeuner<\/li>\n<li>D\u00eener 3 cours hors boissons<\/li>\n<\/ul>\n<p><em>\u20ac155,-\/pers.<\/em><\/p>\n<\/div>\n<\/div>\n<\/div>\n<div>[metaslider id=325]<\/div>\n<div class=\"content2\">\n<div class=\"wrapper1\">\n<div class=\"content-left\"><img decoding=\"async\" width=\"360\" height=\"200\" class=\"alignnone size-full wp-image-338\" src=\"http:\/\/www.labellavespa.be\/wp-content\/uploads\/2017\/12\/nazareth.jpg\"  \/       alt=\"Vandervalk vespa\" srcset=\"https:\/\/www.labellavespa.be\/wp-content\/uploads\/2017\/12\/nazareth.jpg 360w, https:\/\/www.labellavespa.be\/wp-content\/uploads\/2017\/12\/nazareth-250x139.jpg 250w, https:\/\/www.labellavespa.be\/wp-content\/uploads\/2017\/12\/nazareth-120x67.jpg 120w\" sizes=\"(max-width: 360px) 100vw, 360px\" \/><\/div>\n<div class=\"content-right\">\n<p>Sur une Vespa, vous pouvez explorer Gand ou la r\u00e9gion de la Lys d&rsquo;une mani\u00e8re aventureuse.<\/p>\n<p>Vous partez \u00e0 St-Denijs-Westrem \u00e0 La Bella Vespa et vous pouvez choisir si vous voulez faire le tour dans la belle r\u00e9gion de la Lys ou dans notre capitale de Gand ou plut\u00f4t traverser les collines autour d&rsquo;Oudenaarde.<\/p>\n<p>Le forfait Vespa est inclus:<\/p>\n<ul>\n<li>2 x nuit\u00e9e en chambre double<\/li>\n<li>2 x Menu \u00e0 trois plats sans boissons<\/li>\n<li>2 x petit-d\u00e9jeuner buffet copieux<\/li>\n<li>Dossier d&rsquo;information sur notre r\u00e9gion<\/li>\n<li>Utilisation de 1 vespa pendant 7 heures<\/li>\n<\/ul>\n<p><em>\u00e0 partir de \u20ac187.50,-\/pers.<\/em><\/p>\n<\/div>\n<\/div>\n<\/div>\n","protected":false},"excerpt":{"rendered":"[metaslider id=1175] Pur plaisir [metaslider id=291] Pure plaisir \u00e0 la Lys\u00a0 Profitez d&rsquo;une visite en Vespa de 3 heures \u00e0 travers le Leiedal \u00e0 l&rsquo;Auberge du P\u00eacheur. Vous avez le choix de le faire le matin ou l&rsquo;apr\u00e8s-midi. Apr\u00e8s ou avant le tour de Vespa, vous serez attendu dans notre brasserie pour d\u00e9guster le Menu&#8230; <a class=\"view-article\" href=\"https:\/\/www.labellavespa.be\/fr\/arrangements\/nuitees\/\">Voir l&rsquo;article<\/a>","protected":false},"author":3,"featured_media":0,"parent":988,"menu_order":0,"comment_status":"closed","ping_status":"closed","template":"template-home.php","meta":{"footnotes":""},"class_list":["post-994","page","type-page","status-publish","hentry"],"jetpack_sharing_enabled":true,"_links":{"self":[{"href":"https:\/\/www.labellavespa.be\/fr\/wp-json\/wp\/v2\/pages\/994","targetHints":{"allow":["GET"]}}],"collection":[{"href":"https:\/\/www.labellavespa.be\/fr\/wp-json\/wp\/v2\/pages"}],"about":[{"href":"https:\/\/www.labellavespa.be\/fr\/wp-json\/wp\/v2\/types\/page"}],"author":[{"embeddable":true,"href":"https:\/\/www.labellavespa.be\/fr\/wp-json\/wp\/v2\/users\/3"}],"replies":[{"embeddable":true,"href":"https:\/\/www.labellavespa.be\/fr\/wp-json\/wp\/v2\/comments?post=994"}],"version-history":[{"count":5,"href":"https:\/\/www.labellavespa.be\/fr\/wp-json\/wp\/v2\/pages\/994\/revisions"}],"predecessor-version":[{"id":1970,"href":"https:\/\/www.labellavespa.be\/fr\/wp-json\/wp\/v2\/pages\/994\/revisions\/1970"}],"up":[{"embeddable":true,"href":"https:\/\/www.labellavespa.be\/fr\/wp-json\/wp\/v2\/pages\/988"}],"wp:attachment":[{"href":"https:\/\/www.labellavespa.be\/fr\/wp-json\/wp\/v2\/media?parent=994"}],"curies":[{"name":"wp","href":"https:\/\/api.w.org\/{rel}","templated":true}]}}